{"id":17,"date":"2025-02-20T09:57:08","date_gmt":"2025-02-20T09:57:08","guid":{"rendered":"http:\/\/saidakarkach.com\/?page_id=17"},"modified":"2025-02-20T09:57:08","modified_gmt":"2025-02-20T09:57:08","slug":"about-me","status":"publish","type":"page","link":"http:\/\/saidakarkach.com\/?page_id=17","title":{"rendered":"About me."},"content":{"rendered":"\n<div class=\"wp-block-group alignfull has-accent-background-color has-background has-global-padding is-layout-constrained wp-container-core-group-is-layout-3 wp-block-group-is-layout-constrained\" style=\"margin-top:0;margin-bottom:0;padding-top:var(--wp--preset--spacing--50);padding-right:var(--wp--preset--spacing--50);padding-bottom:var(--wp--preset--spacing--50);padding-left:var(--wp--preset--spacing--50)\">\n<div class=\"wp-block-columns alignwide is-layout-flex wp-container-core-columns-is-layout-1 wp-block-columns-is-layout-flex\">\n<div class=\"wp-block-column is-vertically-aligned-stretch is-layout-flow wp-block-column-is-layout-flow\" style=\"flex-basis:50%\">\n<div class=\"wp-block-group is-vertical is-content-justification-stretch is-layout-flex wp-container-core-group-is-layout-2 wp-block-group-is-layout-flex\" style=\"min-height:100%\">\n<p class=\"has-heading-font-family has-x-large-font-size\" style=\"line-height:1.2\">\u00c9tudes bietet umfassende Beratungs-, Management-, Design- und Forschungsl\u00f6sungen. Jedes architektonische Vorhaben ist eine Chance, die Zukunft zu gestalten.<\/p>\n\n\n\n<div class=\"wp-block-group has-global-padding is-content-justification-left is-layout-constrained wp-container-core-group-is-layout-1 wp-block-group-is-layout-constrained\">\n<p class=\"wp-container-content-1\">Eine unausl\u00f6schliche Spur in der Landschaft von morgen zu hinterlassen.<\/p>\n\n\n\n<div class=\"wp-block-buttons is-layout-flex wp-block-buttons-is-layout-flex\">\n<div class=\"wp-block-button\"><a class=\"wp-block-button__link wp-element-button\">\u00dcber uns<\/a><\/div>\n<\/div>\n<\/div>\n<\/div>\n<\/div>\n\n\n\n<div class=\"wp-block-column is-vertically-aligned-center is-layout-flow wp-block-column-is-layout-flow\" style=\"flex-basis:50%\">\n<figure class=\"wp-block-image size-large is-style-rounded is-style-rounded--1\"><img decoding=\"async\" src=\"http:\/\/saidakarkach.com\/wp-content\/themes\/twentytwentyfour\/assets\/images\/museum.webp\" alt=\"Eine Rampe entlang einer gebogenen Wand im Kiasma-Museum, Helsinki, Finnland\" style=\"aspect-ratio:3\/4;object-fit:cover\"\/><\/figure>\n<\/div>\n<\/div>\n<\/div>\n\n\n\n<div class=\"wp-block-group alignfull has-base-background-color has-background has-global-padding is-layout-constrained wp-container-core-group-is-layout-4 wp-block-group-is-layout-constrained\" style=\"margin-top:0;margin-bottom:0;padding-top:var(--wp--preset--spacing--50);padding-right:var(--wp--preset--spacing--50);padding-bottom:var(--wp--preset--spacing--50);padding-left:var(--wp--preset--spacing--50)\">\n<div class=\"wp-block-columns alignwide is-layout-flex wp-container-core-columns-is-layout-3 wp-block-columns-is-layout-flex\">\n<div class=\"wp-block-column has-global-padding is-content-justification-left is-layout-constrained wp-container-core-column-is-layout-3 wp-block-column-is-layout-constrained\" style=\"flex-basis:40%\">\n<p>Die wiederbelebte Kunstgalerie wird die Kulturlandschaft neu definieren.<\/p>\n<\/div>\n\n\n\n<div class=\"wp-block-column is-layout-flow wp-container-core-column-is-layout-6 wp-block-column-is-layout-flow\" style=\"flex-basis:60%\">\n<p class=\"has-heading-font-family has-x-large-font-size\" style=\"line-height:1.2\">Mit viel Liebe zum Detail und einer Verpflichtung zu Spitzenleistungen schaffen wir R\u00e4ume, die das Leben der Menschen, die sie bewohnen, inspirieren, aufwerten und bereichern.<\/p>\n\n\n\n<div class=\"wp-block-columns is-layout-flex wp-container-core-columns-is-layout-2 wp-block-columns-is-layout-flex\">\n<div class=\"wp-block-column is-layout-flow wp-block-column-is-layout-flow\">\n<p class=\"wp-container-content-2\">Die wiederbelebte Kunstgalerie wird die kulturelle Landschaft Torontos neu definieren und als Knotenpunkt f\u00fcr k\u00fcnstlerischen Ausdruck, gesellschaftliches Engagement und architektonisches Wunderwerk dienen. Das Erweiterungs- und Renovierungsprojekt ist eine Hommage an die reiche Geschichte der Kunstgalerie und gleichzeitig ein Blick in die Zukunft, damit die Galerie ein Leuchtturm der Inspiration bleibt.<\/p>\n<\/div>\n\n\n\n<div class=\"wp-block-column is-layout-flow wp-block-column-is-layout-flow\">\n<p>Die wiederbelebte Kunstgalerie wird die kulturelle Landschaft Torontos neu definieren und als Knotenpunkt f\u00fcr k\u00fcnstlerischen Ausdruck, gesellschaftliches Engagement und architektonisches Wunderwerk dienen. Das Erweiterungs- und Renovierungsprojekt ist eine Hommage an die reiche Geschichte der Kunstgalerie und gleichzeitig ein Blick in die Zukunft, damit die Galerie ein Leuchtturm der Inspiration bleibt.<\/p>\n<\/div>\n<\/div>\n<\/div>\n<\/div>\n<\/div>\n\n\n\n<div class=\"wp-block-group alignfull has-accent-5-background-color has-background has-global-padding is-layout-constrained wp-container-core-group-is-layout-5 wp-block-group-is-layout-constrained\" style=\"margin-top:0;margin-bottom:0;padding-top:var(--wp--preset--spacing--50);padding-right:var(--wp--preset--spacing--50);padding-bottom:var(--wp--preset--spacing--50);padding-left:var(--wp--preset--spacing--50)\">\n<div class=\"wp-block-columns alignwide is-layout-flex wp-container-core-columns-is-layout-4 wp-block-columns-is-layout-flex\">\n<div class=\"wp-block-column is-vertically-aligned-center is-layout-flow wp-block-column-is-layout-flow\" style=\"flex-basis:60%\">\n<figure class=\"wp-block-image size-full is-style-rounded wp-duotone-duotone-1 is-style-rounded--2\"><img decoding=\"async\" src=\"http:\/\/saidakarkach.com\/wp-content\/themes\/twentytwentyfour\/assets\/images\/abstract-geometric-art.webp\" alt=\"Wei\u00dfes abstraktes geometrisches Kunstwerk aus Dresden, Deutschland\" style=\"aspect-ratio:4\/3;object-fit:cover\"\/><\/figure>\n<\/div>\n\n\n\n<div class=\"wp-block-column is-layout-flow wp-block-column-is-layout-flow\" style=\"flex-basis:40%\">\n<h2 class=\"wp-block-heading\">Begleitung deines Unternehmens durch das Projekt<\/h2>\n\n\n\n<p>Erlebe die Verschmelzung von Vorstellungskraft und Fachwissen mit \u00c9tudes&nbsp;\u2013 dem Katalysator f\u00fcr architektonische Ver\u00e4nderungen, die die Welt um uns herum bereichern.<\/p>\n\n\n\n<div class=\"wp-block-buttons is-layout-flex wp-block-buttons-is-layout-flex\">\n<div class=\"wp-block-button\"><a class=\"wp-block-button__link wp-element-button\">Unsere Dienstleistungen<\/a><\/div>\n<\/div>\n<\/div>\n<\/div>\n<\/div>\n\n\n\n<div class=\"wp-block-group alignfull has-global-padding is-layout-constrained wp-container-core-group-is-layout-11 wp-block-group-is-layout-constrained\" style=\"margin-top:0;margin-bottom:0;padding-top:var(--wp--preset--spacing--50);padding-right:var(--wp--preset--spacing--50);padding-bottom:var(--wp--preset--spacing--50);padding-left:var(--wp--preset--spacing--50)\">\n<div class=\"wp-block-group is-vertical is-content-justification-center is-layout-flex wp-container-core-group-is-layout-6 wp-block-group-is-layout-flex\">\n<h2 class=\"wp-block-heading has-text-align-center has-xx-large-font-size\">Lerne unser Team kennen<\/h2>\n\n\n\n<p class=\"has-text-align-center\">Unser umfassendes Angebot an Fachleuten bietet ein vielf\u00e4ltiges Team, das von erfahrenen Architekten bis zu renommierten Ingenieuren reicht.<\/p>\n<\/div>\n\n\n\n<div style=\"height:var(--wp--preset--spacing--30)\" aria-hidden=\"true\" class=\"wp-block-spacer\"><\/div>\n\n\n\n<div class=\"wp-block-columns alignwide is-layout-flex wp-container-core-columns-is-layout-5 wp-block-columns-is-layout-flex\" style=\"padding-right:0;padding-left:0\">\n<div class=\"wp-block-column is-layout-flow wp-block-column-is-layout-flow\">\n\n\n<div class=\"wp-block-group is-vertical is-content-justification-center is-nowrap is-layout-flex wp-container-core-group-is-layout-7 wp-block-group-is-layout-flex\">\n<p class=\"has-text-align-center has-small-font-size\">\n\t\t\t\t\t<strong>Francesca Piovani<\/strong>\n\t\t\t\t<\/p>\n\n\n\n<p class=\"has-text-align-center has-small-font-size\">Gr\u00fcnder, CEO und Architekt<\/p>\n<\/div>\n<\/div>\n\n\n\n<div class=\"wp-block-column is-layout-flow wp-block-column-is-layout-flow\">\n\n\n<div class=\"wp-block-group is-vertical is-content-justification-center is-nowrap is-layout-flex wp-container-core-group-is-layout-8 wp-block-group-is-layout-flex\">\n<p class=\"has-text-align-center has-small-font-size\">\n\t\t\t\t\t<strong>Rhye Moore<\/strong>\n\t\t\t\t<\/p>\n\n\n\n<p class=\"has-text-align-center has-small-font-size\">Technischer Leiter<\/p>\n<\/div>\n<\/div>\n\n\n\n<div class=\"wp-block-column is-layout-flow wp-block-column-is-layout-flow\">\n\n\n<div class=\"wp-block-group is-vertical is-content-justification-center is-nowrap is-layout-flex wp-container-core-group-is-layout-9 wp-block-group-is-layout-flex\">\n<p class=\"has-text-align-center has-small-font-size\">\n\t\t\t\t\t<strong>Helga Steiner<\/strong>\n\t\t\t\t<\/p>\n\n\n\n<p class=\"has-text-align-center has-small-font-size\">Architekt<\/p>\n<\/div>\n<\/div>\n\n\n\n<div class=\"wp-block-column is-layout-flow wp-block-column-is-layout-flow\">\n\n\n<div class=\"wp-block-group is-vertical is-content-justification-center is-nowrap is-layout-flex wp-container-core-group-is-layout-10 wp-block-group-is-layout-flex\">\n<p class=\"has-text-align-center has-small-font-size\">\n\t\t\t\t\t<strong>Ivan Lawrence<\/strong>\n\t\t\t\t<\/p>\n\n\n\n<p class=\"has-text-align-center has-small-font-size\">Projektmanager<\/p>\n<\/div>\n<\/div>\n<\/div>\n<\/div>\n\n\n\n<div class=\"wp-block-group alignfull has-global-padding is-layout-constrained wp-container-core-group-is-layout-14 wp-block-group-is-layout-constrained\" style=\"margin-top:0;margin-bottom:0;padding-top:var(--wp--preset--spacing--50);padding-right:var(--wp--preset--spacing--50);padding-bottom:var(--wp--preset--spacing--50);padding-left:var(--wp--preset--spacing--50)\">\n<div class=\"wp-block-group alignwide has-base-2-background-color has-background is-layout-flow wp-block-group-is-layout-flow\" style=\"border-radius:16px;padding-top:var(--wp--preset--spacing--50);padding-right:var(--wp--preset--spacing--50);padding-bottom:var(--wp--preset--spacing--50);padding-left:var(--wp--preset--spacing--50)\">\n<p class=\"has-text-align-center\">We\u2019ve worked with some of the best companies.<\/p>\n\n\n\n<div style=\"height:var(--wp--preset--spacing--10)\" aria-hidden=\"true\" class=\"wp-block-spacer\"><\/div>\n\n\n\n<div class=\"wp-block-group alignwide is-content-justification-center is-layout-flex wp-container-core-group-is-layout-12 wp-block-group-is-layout-flex\" style=\"padding-top:0;padding-right:0;padding-bottom:0;padding-left:0\">\n\n\n\n\n\n\n\n<\/div>\n<\/div>\n<\/div>\n\n\n\n<div class=\"wp-block-group alignfull has-base-color has-contrast-background-color has-text-color has-background has-link-color wp-elements-364094e13468af50b7414e93160ab6c0 has-global-padding is-layout-constrained wp-container-core-group-is-layout-16 wp-block-group-is-layout-constrained\" style=\"margin-top:0;margin-bottom:0;padding-top:var(--wp--preset--spacing--50);padding-right:var(--wp--preset--spacing--50);padding-bottom:var(--wp--preset--spacing--50);padding-left:var(--wp--preset--spacing--50)\">\n<h2 class=\"wp-block-heading alignwide has-base-color has-text-color has-link-color wp-elements-961120e30645e03a629938c532f241fe\" style=\"font-size:clamp(4.509rem, 4.509rem + ((1vw - 0.2rem) * 9.152), 10rem);letter-spacing:-0.02em\">FAQ<\/h2>\n\n\n\n<div class=\"wp-block-group alignwide is-layout-flow wp-block-group-is-layout-flow\">\n<hr class=\"wp-block-separator has-text-color has-base-color has-alpha-channel-opacity has-base-background-color has-background is-style-wide\" style=\"margin-top:var(--wp--preset--spacing--30);margin-bottom:var(--wp--preset--spacing--30)\"\/>\n\n\n\n<h3 class=\"wp-block-heading alignwide has-base-2-color has-text-color has-link-color wp-elements-41fc1b5bb71a1f1cb0b7abd572402177\">Wie arbeitest du bei kleineren Projekten?<\/h3>\n\n\n\n<p class=\"has-contrast-1-color has-text-color has-link-color wp-elements-2f8ad9b2712680805f2bee5233e74735\">\u00c9tudes bietet umfassende Beratungs-, Management-, Design- und Forschungsl\u00f6sungen an. Unsere Vision ist es, an der Spitze der architektonischen Innovation zu stehen und eine globale Gemeinschaft von Architekten und Enthusiasten zu f\u00f6rdern, die durch ihre Leidenschaft f\u00fcr die Gestaltung von R\u00e4umen vereint sind. Jedes architektonische Vorhaben ist eine Chance, die Zukunft zu gestalten.<\/p>\n\n\n\n<hr class=\"wp-block-separator has-text-color has-base-color has-alpha-channel-opacity has-base-background-color has-background is-style-wide\" style=\"margin-top:var(--wp--preset--spacing--30);margin-bottom:var(--wp--preset--spacing--30)\"\/>\n\n\n\n<h3 class=\"wp-block-heading alignwide has-base-2-color has-text-color has-link-color wp-elements-57fc5eba5c0c8a4df42a969e18c9ac6e\">Wer steckt hinter \u00c9tudes?<\/h3>\n\n\n\n<p class=\"has-contrast-1-color has-text-color has-link-color wp-elements-2f8ad9b2712680805f2bee5233e74735\">\u00c9tudes bietet umfassende Beratungs-, Management-, Design- und Forschungsl\u00f6sungen an. Unsere Vision ist es, an der Spitze der architektonischen Innovation zu stehen und eine globale Gemeinschaft von Architekten und Enthusiasten zu f\u00f6rdern, die durch ihre Leidenschaft f\u00fcr die Gestaltung von R\u00e4umen vereint sind. Jedes architektonische Vorhaben ist eine Chance, die Zukunft zu gestalten.<\/p>\n\n\n\n<hr class=\"wp-block-separator has-text-color has-base-color has-alpha-channel-opacity has-base-background-color has-background is-style-wide\" style=\"margin-top:var(--wp--preset--spacing--30);margin-bottom:var(--wp--preset--spacing--30)\"\/>\n\n\n\n<h3 class=\"wp-block-heading alignwide has-base-2-color has-text-color has-link-color wp-elements-ca4b0ce178ea8bfcfa8fcb9ed0da02ac\">Ich w\u00fcrde gerne andere Architekten treffen, wie kann ich das tun?<\/h3>\n\n\n\n<p class=\"has-contrast-1-color has-text-color has-link-color wp-elements-2f8ad9b2712680805f2bee5233e74735\">\u00c9tudes bietet umfassende Beratungs-, Management-, Design- und Forschungsl\u00f6sungen an. Unsere Vision ist es, an der Spitze der architektonischen Innovation zu stehen und eine globale Gemeinschaft von Architekten und Enthusiasten zu f\u00f6rdern, die durch ihre Leidenschaft f\u00fcr die Gestaltung von R\u00e4umen vereint sind. Jedes architektonische Vorhaben ist eine Chance, die Zukunft zu gestalten.<\/p>\n\n\n\n<hr class=\"wp-block-separator has-text-color has-base-color has-alpha-channel-opacity has-base-background-color has-background is-style-wide\" style=\"margin-top:var(--wp--preset--spacing--30);margin-bottom:var(--wp--preset--spacing--30)\"\/>\n\n\n\n<h3 class=\"wp-block-heading alignwide has-base-2-color has-text-color has-link-color wp-elements-3340c353389f3fd65a1911c5858f88ab\">Kann ich mich als Teil des Teams oder als Auftragnehmer bewerben?<\/h3>\n\n\n\n<p class=\"has-contrast-1-color has-text-color has-link-color wp-elements-2f8ad9b2712680805f2bee5233e74735\">\u00c9tudes bietet umfassende Beratungs-, Management-, Design- und Forschungsl\u00f6sungen an. Unsere Vision ist es, an der Spitze der architektonischen Innovation zu stehen und eine globale Gemeinschaft von Architekten und Enthusiasten zu f\u00f6rdern, die durch ihre Leidenschaft f\u00fcr die Gestaltung von R\u00e4umen vereint sind. Jedes architektonische Vorhaben ist eine Chance, die Zukunft zu gestalten.<\/p>\n\n\n\n<div style=\"margin-top:var(--wp--preset--spacing--10);margin-bottom:0;height:var(--wp--preset--spacing--10)\" aria-hidden=\"true\" class=\"wp-block-spacer\"><\/div>\n<\/div>\n<\/div>\n\n\n\n<div class=\"wp-block-group alignfull has-global-padding is-layout-constrained wp-container-core-group-is-layout-17 wp-block-group-is-layout-constrained\" style=\"margin-top:0;margin-bottom:0;padding-top:var(--wp--preset--spacing--50);padding-right:var(--wp--preset--spacing--50);padding-bottom:var(--wp--preset--spacing--50);padding-left:var(--wp--preset--spacing--50)\">\n<div class=\"wp-block-columns alignwide are-vertically-aligned-center is-layout-flex wp-container-core-columns-is-layout-6 wp-block-columns-is-layout-flex\">\n<div class=\"wp-block-column is-vertically-aligned-center is-layout-flow wp-block-column-is-layout-flow\" style=\"flex-basis:50%\">\n<h2 class=\"wp-block-heading\">Verbessere deine architektonische Reise mit der Architekten-App von \u00c9tudes.<\/h2>\n\n\n\n<ul style=\"line-height:1.75\" class=\"wp-block-list is-style-checkmark-list\">\n<li>Arbeite mit anderen Architekten zusammen.<\/li>\n\n\n\n<li>Stelle deine Projekte vor.<\/li>\n\n\n\n<li>Erlebe die Welt der Architektur.<\/li>\n<\/ul>\n\n\n\n<div class=\"wp-block-buttons is-layout-flex wp-block-buttons-is-layout-flex\">\n<div class=\"wp-block-button\"><a class=\"wp-block-button__link wp-element-button\">App herunterladen<\/a><\/div>\n\n\n\n<div class=\"wp-block-button is-style-outline is-style-outline--7\"><a class=\"wp-block-button__link wp-element-button\">So funktioniert es<\/a><\/div>\n<\/div>\n<\/div>\n\n\n\n<div class=\"wp-block-column is-vertically-aligned-center is-layout-flow wp-block-column-is-layout-flow\" style=\"flex-basis:50%\">\n<figure class=\"wp-block-image size-full is-style-rounded is-style-rounded--8\"><img decoding=\"async\" src=\"http:\/\/saidakarkach.com\/wp-content\/themes\/twentytwentyfour\/assets\/images\/abstract-geometric-art.webp\" alt=\"Wei\u00dfes abstraktes geometrisches Kunstwerk aus Dresden, Deutschland\" style=\"aspect-ratio:4\/3;object-fit:cover\"\/><\/figure>\n<\/div>\n<\/div>\n<\/div>\n","protected":false},"excerpt":{"rendered":"<p>\u00c9tudes bietet umfassende Beratungs-, Management-, Design- und Forschungsl\u00f6sungen. Jedes architektonische Vorhaben ist eine Chance, die Zukunft zu gestalten. Eine unausl\u00f6schliche Spur in der Landschaft von morgen zu hinterlassen. Die wiederbelebte Kunstgalerie wird die Kulturlandschaft neu definieren. Mit viel Liebe zum Detail und einer Verpflichtung zu Spitzenleistungen schaffen wir R\u00e4ume, die das Leben der Menschen, die [&hellip;]<\/p>\n","protected":false},"author":1,"featured_media":0,"parent":0,"menu_order":0,"comment_status":"closed","ping_status":"closed","template":"","meta":{"_uag_custom_page_level_css":"","footnotes":""},"class_list":["post-17","page","type-page","status-publish","hentry"],"uagb_featured_image_src":{"full":false,"thumbnail":false,"medium":false,"medium_large":false,"large":false,"1536x1536":false,"2048x2048":false},"uagb_author_info":{"display_name":"admin","author_link":"http:\/\/saidakarkach.com\/?author=1"},"uagb_comment_info":0,"uagb_excerpt":"\u00c9tudes bietet umfassende Beratungs-, Management-, Design- und Forschungsl\u00f6sungen. Jedes architektonische Vorhaben ist eine Chance, die Zukunft zu gestalten. Eine unausl\u00f6schliche Spur in der Landschaft von morgen zu hinterlassen. Die wiederbelebte Kunstgalerie wird die Kulturlandschaft neu definieren. Mit viel Liebe zum Detail und einer Verpflichtung zu Spitzenleistungen schaffen wir R\u00e4ume, die das Leben der Menschen, die&hellip;","_links":{"self":[{"href":"http:\/\/saidakarkach.com\/index.php?rest_route=\/wp\/v2\/pages\/17","targetHints":{"allow":["GET"]}}],"collection":[{"href":"http:\/\/saidakarkach.com\/index.php?rest_route=\/wp\/v2\/pages"}],"about":[{"href":"http:\/\/saidakarkach.com\/index.php?rest_route=\/wp\/v2\/types\/page"}],"author":[{"embeddable":true,"href":"http:\/\/saidakarkach.com\/index.php?rest_route=\/wp\/v2\/users\/1"}],"replies":[{"embeddable":true,"href":"http:\/\/saidakarkach.com\/index.php?rest_route=%2Fwp%2Fv2%2Fcomments&post=17"}],"version-history":[{"count":1,"href":"http:\/\/saidakarkach.com\/index.php?rest_route=\/wp\/v2\/pages\/17\/revisions"}],"predecessor-version":[{"id":19,"href":"http:\/\/saidakarkach.com\/index.php?rest_route=\/wp\/v2\/pages\/17\/revisions\/19"}],"wp:attachment":[{"href":"http:\/\/saidakarkach.com\/index.php?rest_route=%2Fwp%2Fv2%2Fmedia&parent=17"}],"curies":[{"name":"wp","href":"https:\/\/api.w.org\/{rel}","templated":true}]}}