{"id":95,"date":"2025-02-22T14:13:30","date_gmt":"2025-02-22T14:13:30","guid":{"rendered":"http:\/\/saidakarkach.com\/?page_id=95"},"modified":"2025-03-14T22:35:29","modified_gmt":"2025-03-14T22:35:29","slug":"professional-career","status":"publish","type":"page","link":"http:\/\/saidakarkach.com\/?page_id=95","title":{"rendered":"Professional Career."},"content":{"rendered":"\n<div class=\"wp-block-group alignfull has-contrast-color has-base-background-color has-text-color has-background has-link-color wp-elements-75145ac0b21989f1df83b105d6fa28bf has-global-padding is-layout-constrained wp-container-core-group-is-layout-3 wp-block-group-is-layout-constrained\" style=\"margin-top:0;margin-bottom:0;padding-top:var(--wp--preset--spacing--50);padding-right:var(--wp--preset--spacing--50);padding-bottom:var(--wp--preset--spacing--50);padding-left:var(--wp--preset--spacing--50)\">\n<div class=\"wp-block-group alignwide has-global-padding is-layout-constrained wp-block-group-is-layout-constrained\">\n<h2 class=\"wp-block-heading alignwide has-base-color has-text-color has-link-color wp-elements-299ea172bea884f5c105918d1045b8f6\" style=\"font-size:clamp(2.545rem, 2.545rem + ((1vw - 0.2rem) * 3.758), 4.8rem);letter-spacing:-0.02em\">Academic Education<\/h2>\n\n\n\n<div class=\"wp-block-group alignwide is-layout-flow wp-block-group-is-layout-flow\">\n<hr class=\"wp-block-separator has-text-color has-base-color has-alpha-channel-opacity has-base-background-color has-background is-style-wide\" style=\"margin-top:var(--wp--preset--spacing--30);margin-bottom:var(--wp--preset--spacing--30)\"\/>\n\n\n\n<h3 class=\"wp-block-heading alignwide has-base-2-color has-text-color has-link-color wp-elements-41fc1b5bb71a1f1cb0b7abd572402177\">Wie arbeitest du bei kleineren Projekten?<\/h3>\n\n\n\n<p class=\"has-contrast-1-color has-text-color has-link-color wp-elements-2f8ad9b2712680805f2bee5233e74735\">\u00c9tudes bietet umfassende Beratungs-, Management-, Design- und Forschungsl\u00f6sungen an. Unsere Vision ist es, an der Spitze der architektonischen Innovation zu stehen und eine globale Gemeinschaft von Architekten und Enthusiasten zu f\u00f6rdern, die durch ihre Leidenschaft f\u00fcr die Gestaltung von R\u00e4umen vereint sind. Jedes architektonische Vorhaben ist eine Chance, die Zukunft zu gestalten.<\/p>\n\n\n\n<hr class=\"wp-block-separator has-text-color has-base-color has-alpha-channel-opacity has-base-background-color has-background is-style-wide\" style=\"margin-top:var(--wp--preset--spacing--30);margin-bottom:var(--wp--preset--spacing--30)\"\/>\n\n\n\n<h3 class=\"wp-block-heading alignwide has-base-2-color has-text-color has-link-color wp-elements-57fc5eba5c0c8a4df42a969e18c9ac6e\">Wer steckt hinter \u00c9tudes?<\/h3>\n\n\n\n<p class=\"has-contrast-1-color has-text-color has-link-color wp-elements-2f8ad9b2712680805f2bee5233e74735\">\u00c9tudes bietet umfassende Beratungs-, Management-, Design- und Forschungsl\u00f6sungen an. Unsere Vision ist es, an der Spitze der architektonischen Innovation zu stehen und eine globale Gemeinschaft von Architekten und Enthusiasten zu f\u00f6rdern, die durch ihre Leidenschaft f\u00fcr die Gestaltung von R\u00e4umen vereint sind. Jedes architektonische Vorhaben ist eine Chance, die Zukunft zu gestalten.<\/p>\n\n\n\n<hr class=\"wp-block-separator has-text-color has-base-color has-alpha-channel-opacity has-base-background-color has-background is-style-wide\" style=\"margin-top:var(--wp--preset--spacing--30);margin-bottom:var(--wp--preset--spacing--30)\"\/>\n\n\n\n<h3 class=\"wp-block-heading alignwide has-base-2-color has-text-color has-link-color wp-elements-ca4b0ce178ea8bfcfa8fcb9ed0da02ac\">Ich w\u00fcrde gerne andere Architekten treffen, wie kann ich das tun?<\/h3>\n\n\n\n<p class=\"has-contrast-1-color has-text-color has-link-color wp-elements-2f8ad9b2712680805f2bee5233e74735\">\u00c9tudes bietet umfassende Beratungs-, Management-, Design- und Forschungsl\u00f6sungen an. Unsere Vision ist es, an der Spitze der architektonischen Innovation zu stehen und eine globale Gemeinschaft von Architekten und Enthusiasten zu f\u00f6rdern, die durch ihre Leidenschaft f\u00fcr die Gestaltung von R\u00e4umen vereint sind. Jedes architektonische Vorhaben ist eine Chance, die Zukunft zu gestalten.<\/p>\n\n\n\n<hr class=\"wp-block-separator has-text-color has-base-color has-alpha-channel-opacity has-base-background-color has-background is-style-wide\" style=\"margin-top:var(--wp--preset--spacing--30);margin-bottom:var(--wp--preset--spacing--30)\"\/>\n\n\n\n<h3 class=\"wp-block-heading alignwide has-base-2-color has-text-color has-link-color wp-elements-3340c353389f3fd65a1911c5858f88ab\">Kann ich mich als Teil des Teams oder als Auftragnehmer bewerben?<\/h3>\n\n\n\n<p class=\"has-contrast-1-color has-text-color has-link-color wp-elements-2f8ad9b2712680805f2bee5233e74735\">\u00c9tudes bietet umfassende Beratungs-, Management-, Design- und Forschungsl\u00f6sungen an. Unsere Vision ist es, an der Spitze der architektonischen Innovation zu stehen und eine globale Gemeinschaft von Architekten und Enthusiasten zu f\u00f6rdern, die durch ihre Leidenschaft f\u00fcr die Gestaltung von R\u00e4umen vereint sind. Jedes architektonische Vorhaben ist eine Chance, die Zukunft zu gestalten.<\/p>\n\n\n\n<div style=\"margin-top:var(--wp--preset--spacing--10);margin-bottom:0;height:var(--wp--preset--spacing--10)\" aria-hidden=\"true\" class=\"wp-block-spacer\"><\/div>\n<\/div>\n<\/div>\n<\/div>\n\n\n\n<div class=\"wp-block-group alignfull has-base-color has-text-color has-background has-link-color wp-elements-ce184d41ac5647041750793bc8f848e6 has-global-padding is-layout-constrained wp-container-core-group-is-layout-6 wp-block-group-is-layout-constrained\" style=\"background-color:#f5ecda7d;margin-top:0;margin-bottom:0;padding-top:var(--wp--preset--spacing--50);padding-right:var(--wp--preset--spacing--50);padding-bottom:var(--wp--preset--spacing--50);padding-left:var(--wp--preset--spacing--50)\">\n<div class=\"wp-block-group alignwide has-global-padding is-layout-constrained wp-block-group-is-layout-constrained\">\n<h2 class=\"wp-block-heading alignwide has-contrast-color has-text-color has-link-color wp-elements-978779ddc64eed2851682f0891029d51\" style=\"font-size:clamp(2.545rem, 2.545rem + ((1vw - 0.2rem) * 3.758), 4.8rem);letter-spacing:-0.02em\">Professional Experience<\/h2>\n\n\n\n<div class=\"wp-block-group alignwide has-contrast-color has-text-color has-link-color wp-elements-e3f0f2c885db3f677882c9ae974df6dd is-layout-flow wp-block-group-is-layout-flow\">\n<hr class=\"wp-block-separator has-text-color has-base-color has-alpha-channel-opacity has-base-background-color has-background is-style-wide\" style=\"margin-top:var(--wp--preset--spacing--30);margin-bottom:var(--wp--preset--spacing--30)\"\/>\n\n\n\n<h3 class=\"wp-block-heading alignwide has-text-color has-link-color wp-elements-f21be7db7190c0ca80e58c6544815ec4\" style=\"color:#028a0f\">International Business (Master Grande \u00c9cole)<\/h3>\n\n\n\n<p>04\/2014-03\/2016 || <a href=\"https:\/\/global.bsb-education.com\/\">Burgundy School of Business<\/a>, Dijon (France)<\/p>\n\n\n\n<p class=\"has-contrast-1-color has-text-color has-link-color wp-elements-2f8ad9b2712680805f2bee5233e74735\">\u00c9tudes bietet umfassende Beratungs-, Management-, Design- und Forschungsl\u00f6sungen an. Unsere Vision ist es, an der Spitze der architektonischen Innovation zu stehen und eine globale Gemeinschaft von Architekten und Enthusiasten zu f\u00f6rdern, die durch ihre Leidenschaft f\u00fcr die Gestaltung von R\u00e4umen vereint sind. Jedes architektonische Vorhaben ist eine Chance, die Zukunft zu gestalten.<\/p>\n\n\n\n<hr class=\"wp-block-separator has-text-color has-base-color has-alpha-channel-opacity has-base-background-color has-background is-style-wide\" style=\"margin-top:var(--wp--preset--spacing--30);margin-bottom:var(--wp--preset--spacing--30)\"\/>\n\n\n\n<h3 class=\"wp-block-heading alignwide has-text-color has-link-color wp-elements-e23d54b19cefa136e8970a2d7c72b07f\" style=\"color:#028a0f\">Wer steckt hinter \u00c9tudes?<\/h3>\n\n\n\n<p class=\"has-contrast-1-color has-text-color has-link-color wp-elements-2f8ad9b2712680805f2bee5233e74735\">\u00c9tudes bietet umfassende Beratungs-, Management-, Design- und Forschungsl\u00f6sungen an. Unsere Vision ist es, an der Spitze der architektonischen Innovation zu stehen und eine globale Gemeinschaft von Architekten und Enthusiasten zu f\u00f6rdern, die durch ihre Leidenschaft f\u00fcr die Gestaltung von R\u00e4umen vereint sind. Jedes architektonische Vorhaben ist eine Chance, die Zukunft zu gestalten.<\/p>\n\n\n\n<hr class=\"wp-block-separator has-text-color has-base-color has-alpha-channel-opacity has-base-background-color has-background is-style-wide\" style=\"margin-top:var(--wp--preset--spacing--30);margin-bottom:var(--wp--preset--spacing--30)\"\/>\n\n\n\n<h3 class=\"wp-block-heading alignwide has-text-color has-link-color wp-elements-d1d938f33d9e3d49a075816c979fa657\" style=\"color:#028a0f\">Ich w\u00fcrde gerne andere Architekten treffen, wie kann ich das tun?<\/h3>\n\n\n\n<p class=\"has-contrast-1-color has-text-color has-link-color wp-elements-2f8ad9b2712680805f2bee5233e74735\">\u00c9tudes bietet umfassende Beratungs-, Management-, Design- und Forschungsl\u00f6sungen an. Unsere Vision ist es, an der Spitze der architektonischen Innovation zu stehen und eine globale Gemeinschaft von Architekten und Enthusiasten zu f\u00f6rdern, die durch ihre Leidenschaft f\u00fcr die Gestaltung von R\u00e4umen vereint sind. Jedes architektonische Vorhaben ist eine Chance, die Zukunft zu gestalten.<\/p>\n\n\n\n<hr class=\"wp-block-separator has-text-color has-base-color has-alpha-channel-opacity has-base-background-color has-background is-style-wide\" style=\"margin-top:var(--wp--preset--spacing--30);margin-bottom:var(--wp--preset--spacing--30)\"\/>\n\n\n\n<h3 class=\"wp-block-heading alignwide has-text-color has-link-color wp-elements-90d8d6e973f50ff7881eb72d2a590cf9\" style=\"color:#028a0f\">Kann ich mich als Teil des Teams oder als Auftragnehmer bewerben?<\/h3>\n\n\n\n<p class=\"has-contrast-1-color has-text-color has-link-color wp-elements-2f8ad9b2712680805f2bee5233e74735\">\u00c9tudes bietet umfassende Beratungs-, Management-, Design- und Forschungsl\u00f6sungen an. Unsere Vision ist es, an der Spitze der architektonischen Innovation zu stehen und eine globale Gemeinschaft von Architekten und Enthusiasten zu f\u00f6rdern, die durch ihre Leidenschaft f\u00fcr die Gestaltung von R\u00e4umen vereint sind. Jedes architektonische Vorhaben ist eine Chance, die Zukunft zu gestalten.<\/p>\n<\/div>\n<\/div>\n<\/div>\n\n\n\n<div class=\"wp-block-uagb-container uagb-block-d3ac6004 alignfull uagb-is-root-container\"><div class=\"uagb-container-inner-blocks-wrap\">\n<div class=\"wp-block-uagb-container uagb-block-111be855\"><\/div>\n\n\n\n<div class=\"wp-block-uagb-container uagb-block-c1e491c2\"><\/div>\n<\/div><\/div>\n","protected":false},"excerpt":{"rendered":"<p>Academic Education Wie arbeitest du bei kleineren Projekten? \u00c9tudes bietet umfassende Beratungs-, Management-, Design- und Forschungsl\u00f6sungen an. Unsere Vision ist es, an der Spitze der architektonischen Innovation zu stehen und eine globale Gemeinschaft von Architekten und Enthusiasten zu f\u00f6rdern, die durch ihre Leidenschaft f\u00fcr die Gestaltung von R\u00e4umen vereint sind. Jedes architektonische Vorhaben ist eine [&hellip;]<\/p>\n","protected":false},"author":1,"featured_media":0,"parent":0,"menu_order":0,"comment_status":"closed","ping_status":"closed","template":"","meta":{"_uag_custom_page_level_css":"","footnotes":""},"class_list":["post-95","page","type-page","status-publish","hentry"],"uagb_featured_image_src":{"full":false,"thumbnail":false,"medium":false,"medium_large":false,"large":false,"1536x1536":false,"2048x2048":false},"uagb_author_info":{"display_name":"admin","author_link":"http:\/\/saidakarkach.com\/?author=1"},"uagb_comment_info":0,"uagb_excerpt":"Academic Education Wie arbeitest du bei kleineren Projekten? \u00c9tudes bietet umfassende Beratungs-, Management-, Design- und Forschungsl\u00f6sungen an. Unsere Vision ist es, an der Spitze der architektonischen Innovation zu stehen und eine globale Gemeinschaft von Architekten und Enthusiasten zu f\u00f6rdern, die durch ihre Leidenschaft f\u00fcr die Gestaltung von R\u00e4umen vereint sind. Jedes architektonische Vorhaben ist eine&hellip;","_links":{"self":[{"href":"http:\/\/saidakarkach.com\/index.php?rest_route=\/wp\/v2\/pages\/95","targetHints":{"allow":["GET"]}}],"collection":[{"href":"http:\/\/saidakarkach.com\/index.php?rest_route=\/wp\/v2\/pages"}],"about":[{"href":"http:\/\/saidakarkach.com\/index.php?rest_route=\/wp\/v2\/types\/page"}],"author":[{"embeddable":true,"href":"http:\/\/saidakarkach.com\/index.php?rest_route=\/wp\/v2\/users\/1"}],"replies":[{"embeddable":true,"href":"http:\/\/saidakarkach.com\/index.php?rest_route=%2Fwp%2Fv2%2Fcomments&post=95"}],"version-history":[{"count":6,"href":"http:\/\/saidakarkach.com\/index.php?rest_route=\/wp\/v2\/pages\/95\/revisions"}],"predecessor-version":[{"id":110,"href":"http:\/\/saidakarkach.com\/index.php?rest_route=\/wp\/v2\/pages\/95\/revisions\/110"}],"wp:attachment":[{"href":"http:\/\/saidakarkach.com\/index.php?rest_route=%2Fwp%2Fv2%2Fmedia&parent=95"}],"curies":[{"name":"wp","href":"https:\/\/api.w.org\/{rel}","templated":true}]}}